{"id":3477,"date":"2016-05-12T14:40:19","date_gmt":"2016-05-12T12:40:19","guid":{"rendered":"http:\/\/www.vasara.es\/blog\/aviso-legal\/"},"modified":"2016-05-12T14:58:41","modified_gmt":"2016-05-12T12:58:41","slug":"aviso-legal","status":"publish","type":"page","link":"https:\/\/www.vasara.es\/blog\/aviso-legal\/","title":{"rendered":"Aviso legal"},"content":{"rendered":"<p><strong>AVISO LEGAL<\/strong><\/p>\n<h3><\/h3>\n<p><strong>Objeto:<\/strong><\/p>\n<p>El prestador, responsable del sitio web, pone a disposici\u00f3n de los usuarios el presente documento con el que pretende dar cumplimiento a las obligaciones dispuestas en la Ley 34\/2002, de Servicios de la Sociedad de la Informaci\u00f3n y del Comercio Electr\u00f3nico (LSSI-CE), as\u00ed como informar a todos los usuarios del sitio web respecto a cu\u00e1les son las condiciones de uso del sitio web. A continuaci\u00f3n se reflejan los siguientes datos del prestador: La raz\u00f3n social es PARTYDIS SL y CIF B70505599, con el nombre comercial VASARA.ES con domiciol fiscal en C\/Concepci\u00f3n Arenal, 10, Teo, 15894 (A Coru\u00f1a) y tel\u00e9fono de contacto\u00a0 910052105, e-mail\u00a0 atencionalcliente@vasara.es y nombre de dominio Vasara.es.<br \/>\nToda persona que acceda a este sitio web asume el papel de usuario, comprometi\u00e9ndose a la observancia y cumplimiento riguroso de las disposiciones aqu\u00ed dispuestas, as\u00ed como a cualesquiera otra disposici\u00f3n legal que fuera de aplicaci\u00f3n.<br \/>\nEl prestador se reserva el derecho a modificar cualquier tipo de informaci\u00f3n que pudiera aparecer en el sitio web, sin que exista obligaci\u00f3n de preavisar o poner en conocimiento de los usuarios dichas obligaciones, entendi\u00e9ndose como suficiente con la publicaci\u00f3n en el sitio web del prestador. El alcance del siguiente aviso legal y por lo tanto de las responsabilidades exigibles al prestador y a los usuarios es exclusivamente la de la actividad de comercio electr\u00f3nico que usa el dominio vasara.es, con sus directorios y p\u00e1ginas dependientes, exceptuando al directorio \/blog\/ (vasara.es\/blog\/)\u00a0con sus subdirectorios y p\u00e1ginas dependientes porque es una web independiente que no pertenece a la misma actividad comercial.<\/p>\n<p>A efectos de notificaciones se tiene que usar la direcci\u00f3n del domicilio fiscal y no la de Collado Villalba (Madrid).<\/p>\n<p>&nbsp;<\/p>\n<p>&nbsp;<\/p>\n<p><strong>Responsabilidad:<\/strong><\/p>\n<p>El sitio web del prestador puede utilizar cookies (peque\u00f1os archivos de informaci\u00f3n que el servidor env\u00eda al ordenador de quien accede a la p\u00e1gina) para llevar a cabo determinadas funciones que son consideradas imprescindibles para el correcto funcionamiento y visualizaci\u00f3n del sitio. Las cookies utilizadas en el sitio web tienen, en todo caso, car\u00e1cter temporal con la \u00fanica finalidad de hacer m\u00e1s eficaz su transmisi\u00f3n ulterior y desaparecen al terminar la sesi\u00f3n del usuario. Puede consultar nuestra<a href=\"https:\/\/www.vasara.es\/content\/2-aviso-legal-y-politica-de-privacidad\">pol\u00edtica de cookies aqu\u00ed<\/a>.<br \/>\nDesde el sitio web del cliente es posible que se redirija a contenidos de terceros sitios web. Dado que el prestador no puede controlar siempre los contenidos introducidos por los terceros en sus sitios web, \u00e9ste no asume ning\u00fan tipo de responsabilidad respecto a dichos contenidos. En todo caso, el prestador manifiesta que proceder\u00e1 a la retirada inmediata de cualquier contenido que pudiera contravenir la legislaci\u00f3n nacional o internacional, la moral o el orden p\u00fablico, procediendo a la retirada inmediata de la redirecci\u00f3n a dicho sitio web, poniendo en conocimiento de las autoridades competentes el contenido en cuesti\u00f3n.<br \/>\nEl prestador no se hace responsable de la informaci\u00f3n y contenidos almacenados, a t\u00edtulo enunciativo pero no limitativo, en foros, chat\u00b4s, generadores de blogs, comentarios, redes sociales o cualesquiera otro medio que permita a terceros publicar contenidos de forma independiente en la p\u00e1gina web del prestador. No obstante y en cumplimiento de lo dispuesto en el art. 11 y 16 de la LSSI-CE, el prestador se pone a disposici\u00f3n de todos los usuarios, autoridades y fuerzas de seguridad, y colaborando de forma activa en la retirada o en su caso bloqueo de todos aquellos contenidos que pudieran afectar o contravenir la legislaci\u00f3n nacional, o internacional, derechos de terceros o la moral y el orden p\u00fablico. En caso de que el usuario considere que existe en el sitio web alg\u00fan contenido que pudiera ser susceptible de esta clasificaci\u00f3n, se ruega lo notifique de forma inmediata al administrador del sitio web.<br \/>\nEste sitio web ha sido revisado y probado para que funcione correctamente. En principio, puede garantizarse el correcto funcionamiento los 365 d\u00edas del a\u00f1o, 24 horas al d\u00eda, exceptuando periodos temporales en los que se avise del cierre temporal de la tienda por razones de mantenimiento o cualesquiera. No obstante, el prestador no descarta la posibilidad de que existan ciertos errores de programaci\u00f3n, o que acontezcan causas de fuerza mayor, cat\u00e1strofes naturales, huelgas, o circunstancias semejantes que hagan imposible el acceso a la p\u00e1gina web.<br \/>\n<strong>Protecci\u00f3n de datos personales:<\/strong><br \/>\nEl prestador,\u00a0PARTYDIS SL y CIF B70505599, con domicio fiscal en C\/Concepci\u00f3n Arenal, 10, Teo, 15894 (A Coru\u00f1a) y tel\u00e9fono de contacto\u00a0 910052105, e-mail: atencionalcliente@vasara.es, se encuentra profundamente comprometido con el cumplimiento de la normativa espa\u00f1ola de protecci\u00f3n de datos de car\u00e1cter personal, y garantiza el cumplimiento \u00edntegro de las obligaciones dispuestas, as\u00ed como la implementaci\u00f3n de las medidas de seguridad dispuestas en el art. 9 de la Ley 15\/1999, de Protecci\u00f3n de Datos de Car\u00e1cter Personal (LOPD) y en el Reglamento de Desarrollo de la LOPD.<br \/>\nEl prestador pone a disposici\u00f3n de los usuarios la Pol\u00edtica de Privacidad de la entidad informando a los usuarios respecto a los siguientes aspectos:<br \/>\n&#8211;\u00a0\u00a0\u00a0 Datos del Responsable del tratamiento.<br \/>\n&#8211;\u00a0\u00a0\u00a0 Datos tratados.<br \/>\n&#8211;\u00a0\u00a0\u00a0 Fichero en el que se almacenan.<br \/>\n&#8211;\u00a0\u00a0\u00a0 Finalidad del tratamiento.<br \/>\n&#8211;\u00a0\u00a0\u00a0 Obligatoriedad o no de facilitarlos, as\u00ed como las consecuencias en caso de no facilitarlos.<br \/>\n&#8211;\u00a0\u00a0\u00a0 Sobre los derechos que asisten a todo usuario y el procedimiento para ejercitarlos.<br \/>\n<strong>Propiedad Intelectual e Industrial:<\/strong><br \/>\nEl sitio web, incluyendo a t\u00edtulo enunciativo pero no limitativo su programaci\u00f3n, edici\u00f3n, compilaci\u00f3n y dem\u00e1s elementos necesarios para su funcionamiento, los dise\u00f1os, logotipos, texto y\/o gr\u00e1ficos son propiedad del prestador o en su caso dispone de licencia o autorizaci\u00f3n expresa por parte de los autores. Todos los contenidos del sitio web se encuentran debidamente protegidos por la normativa de propiedad intelectual e industrial, as\u00ed como inscritos en los registros p\u00fablicos correspondientes.<br \/>\nIndependientemente de la finalidad para la que fueran destinados, la reproducci\u00f3n total o parcial, uso, explotaci\u00f3n, distribuci\u00f3n y comercializaci\u00f3n, requiere en todo caso de la autorizaci\u00f3n escrita previa por parte del prestador. Cualquier uso no autorizado previamente por parte del prestador ser\u00e1 considerado un incumplimiento grave de los derechos de propiedad intelectual o industrial del autor.<br \/>\nLos dise\u00f1os, logotipos, texto y\/o gr\u00e1ficos ajenos al prestador y que pudieran aparecer en el sitio web, pertenecen a sus respectivos propietarios, siendo ellos mismos responsables de cualquier posible controversia que pudiera suscitarse respecto a los mismos. En todo caso, el prestador cuenta con la autorizaci\u00f3n expresa y previa por parte de los mismos.<br \/>\nEl prestador autoriza expresamente a que terceros puedan redirigir directamente a los contenidos concretos del sitio web.<br \/>\nEl prestador reconoce a favor de sus titulares los correspondientes derechos de propiedad industrial e intelectual, no implicando su sola menci\u00f3n o aparici\u00f3n en el sitio web la existencia de derechos o responsabilidad alguna del prestador sobre los mismos, como tampoco respaldo, patrocinio o recomendaci\u00f3n por parte del mismo.<br \/>\nPara realizar cualquier tipo de observaci\u00f3n respecto a posibles incumplimientos de los derechos de propiedad intelectual o industrial, as\u00ed como sobre cualquiera de los contenidos del sitio web, puede hacerlo a trav\u00e9s del siguiente correo electr\u00f3nico: info@vasara.es<br \/>\n<strong>Ley aplicable y jurisdicci\u00f3n:<\/strong><br \/>\nPara la resoluci\u00f3n de todas las controversias o cuestiones relacionadas con el presente sitio web o de las actividades en \u00e9l desarrolladas, incluidas las derivadas de la adquisici\u00f3n de bienes, ser\u00e1 de aplicaci\u00f3n la legislaci\u00f3n espa\u00f1ola en todos los casos, a la que se someten expresamente las partes, sin importar el pa\u00eds de origen del usuario; El mero hecho de la utilizaci\u00f3n de los servicios del presente sitio web presupone la aceptaci\u00f3n expresa de dicha aceptaci\u00f3n de la jurisdicci\u00f3n Espa\u00f1ola .<br \/>\nAs\u00ed mismo, las partes se someten, a su elecci\u00f3n, para la resoluci\u00f3n de los conflictos y con renuncia a cualquier otro fuero, a los juzgados y tribunales del domicilio del usuario. Asimismo, como entidad adherida a CONFIANZA ONLINE y en los t\u00e9rminos de su C\u00f3digo \u00c9tico, en caso de controversias relativas a la contrataci\u00f3n y publicidad online, protecci\u00f3n de datos y protecci\u00f3n de menores, el usuario podr\u00e1 acudir al sistema de resoluci\u00f3n extrajudicial de controversias de CONFIANZA ONLINE (www.confianzaonline.es).<\/p>\n<p>&nbsp;<\/p>\n<p>&nbsp;<\/p>\n<p><strong>POL\u00cdTICA DE PRIVACIDAD<\/strong><\/p>\n<p>&nbsp;<\/p>\n<p>De conformidad con lo dispuesto en la Ley Org\u00e1nica 15\/1999, de Protecci\u00f3n de Datos de Car\u00e1cter Personal (LOPD) y su normativa de desarrollo, el responsable del sitio web, en cumplimiento de lo dispuesto en el art. 5 y 6 de la LOPD, informa a todos los usuarios del sitio web que faciliten o vayan a facilitar sus datos personales, que estos ser\u00e1n incorporados en un fichero automatizado que se encuentra debidamente inscrito en la Agencia Espa\u00f1ola de Protecci\u00f3n de Datos con n\u00famero de registro 413385\/2013.<br \/>\nLos usuarios, mediante la marcaci\u00f3n de la casilla en el registro de usuarios o proceso de compra, aceptan expresamente y de forma libre e inequ\u00edvoca que sus datos personales sean tratados por parte del prestador para realizar las siguientes finalidades:<br \/>\n1.\u00a0\u00a0\u00a0 Remisi\u00f3n de comunicaciones comerciales publicitarias por e-mail, fax, SMS, MMS, comunidades sociales o cualesquier otro medio electr\u00f3nico o f\u00edsico, presente o futuro, que posibilite realizar comunicaci\u00f3n comerciales de las que sea propietario o administrador el prestador. Dichas comunicaciones comerciales ser\u00e1n relacionadas sobre productos o servicios ofrecidos por el prestador, as\u00ed como por parte de los colaboradores o partners con los que \u00e9ste hubiera alcanzado alg\u00fan acuerdo de promoci\u00f3n comercial entre sus clientes. En este caso, los terceros nunca tendr\u00e1n acceso a los datos personales. En todo caso las comunicaciones comerciales ser\u00e1n realizadas por parte del prestador y ser\u00e1n de productos y servicios relacionados con el sector af\u00edn al del prestador.<br \/>\n2.\u00a0\u00a0\u00a0 Realizar estudios estad\u00edsticos.<br \/>\n3.\u00a0\u00a0\u00a0 Tramitar encargos, solicitudes o cualquier tipo de petici\u00f3n que sea realizada por el usuario a trav\u00e9s de cualquiera de las formas de contacto que se ponen a disposici\u00f3n del usuario en el sitio web de la compa\u00f1\u00eda.<br \/>\n4.\u00a0\u00a0\u00a0 Remitir el bolet\u00edn de noticias de la p\u00e1gina web.<br \/>\nEl prestador informa y garantiza expresamente a los usuarios que sus datos personales no ser\u00e1n cedidos en ning\u00fan caso a terceras compa\u00f1\u00edas, y que siempre que fuera a realizarse alg\u00fan tipo de cesi\u00f3n de datos personales, de forma previa, se solicitar\u00eda el consentimiento expreso, informado, e inequ\u00edvoco por parte de los usuarios. Esta solicitud de consetimiento se enviar\u00eda al correo electr\u00f3nico de los usuarios o en su defecto por v\u00eda telef\u00f3nica, y dando un plazo de 31 d\u00edas naturales para obetener su respuesta. En caso de no obtener respuesta por parte del usuario dentro del plazo indicado, se entender\u00eda t\u00e1citamente su aprobaci\u00f3n a la cesi\u00f3n de datos correspondiente.<br \/>\nTodos los datos solicitados a trav\u00e9s del sitio web son obligatorios, ya que son necesarios para la prestaci\u00f3n de un servicio \u00f3ptimo al usuario. En caso de que no sean facilitados todos los datos, el prestador no garantiza que los procesos de venta, informaci\u00f3n y servicios facilitados sean correctos, completos y ajustados a sus necesidades y se exime de todas las responsabilidades que pudieran dirimirse.<br \/>\nEl prestador garantiza en todo caso al usuario el ejercicio de los derechos de acceso, rectificaci\u00f3n, cancelaci\u00f3n, informaci\u00f3n y oposici\u00f3n, en los t\u00e9rminos dispuestos en la legislaci\u00f3n vigente. Para ello facilita al usuario la siguiente direcci\u00f3n de email donde pondr\u00e1 remitir la solicitud, siempre y cuando lo haga desde la misma cuenta de correo con la que se ha registrado o comprado a trav\u00e9s de la tienda online: atencionalcliente@vasara.es o bien enviando notificaci\u00f3n a la direcci\u00f3n postal\u00a0C\/Concepci\u00f3n Arenal, 10, Teo, 15894 (A Coru\u00f1a), remitiendo fotocopia de DNI del usuario.<br \/>\nEl usuario, tambi\u00e9n podr\u00e1 darse de baja de cualquiera de los servicios de suscripci\u00f3n facilitados haciendo clic en el apartado darse de baja de todos los correos electr\u00f3nicos remitidos por parte del prestador.<br \/>\nDel mismo modo, el prestador ha adoptado todas las medidas t\u00e9cnicas y de organizaci\u00f3n necesarias para garantizar la seguridad e integridad de los datos de car\u00e1cter personal que trate, as\u00ed como para evitar su p\u00e9rdida, alteraci\u00f3n y\/o acceso por parte de terceros no autorizados.<br \/>\n<strong>Uso de cookies y del fichero de actividad<\/strong><\/p>\n<p>Puede consultar nuestra\u00a0<a href=\"https:\/\/www.vasara.es\/content\/2-aviso-legal-y-politica-de-privacidad\">pol\u00edtica de cookies aqu\u00ed<\/a>.<\/p>\n<p>El prestador por su propia cuenta o la de un tercero contratado para la prestaci\u00f3n de servicios de medici\u00f3n, pueden utilizar cookies cuando un usuario navega por el sitio web.<br \/>\nLas cookies utilizadas por el sitio web se asocian \u00fanicamente con un usuario an\u00f3nimo y su ordenador, y no proporcionan por s\u00ed mismas los datos personales del usuario.<br \/>\nAl utilizar esta web Usted es consiente de nuestra pol\u00edtica de cookies y del tratamiento de informaci\u00f3n.<br \/>\n<strong>Direcciones IP<\/strong><br \/>\nLos servidores del sitio web podr\u00e1n detectar de manera autom\u00e1tica la direcci\u00f3n IP y el nombre de dominio utilizados por el usuario. Una direcci\u00f3n IP es un n\u00famero asignado autom\u00e1ticamente a un ordenador cuando \u00e9sta se conecta a Internet. Toda esta informaci\u00f3n es registrada en un fichero de actividad del servidor debidamente inscrito que permite el posterior procesamiento de los datos con el fin de obtener mediciones \u00fanicamente estad\u00edsticas que permitan conocer el n\u00famero de impresiones de p\u00e1ginas, el n\u00famero de visitas realizadas a los servicios web, el orden de visitas, el punto de acceso, etc. o para intentar evitar usos fraudulentos por parte de usuarios.<br \/>\n<strong>Seguridad<\/strong><br \/>\nEl sitio web utiliza t\u00e9cnicas de seguridad de la informaci\u00f3n generalmente aceptadas en la industria, tales como firewalls, procedimientos de control de acceso y mecanismos criptogr\u00e1ficos, todo ello con el objeto de evitar el acceso no autorizado a los datos. Para lograr estos fines, el usuario\/cliente acepta que el prestador obtenga datos para efectos de la correspondiente autenticaci\u00f3n de los controles de acceso.<\/p>\n","protected":false},"excerpt":{"rendered":"<p>AVISO LEGAL Objeto: El prestador, responsable del sitio web, pone a disposici\u00f3n de los usuarios el presente documento con el que pretende dar cumplimiento a las obligaciones dispuestas en la Ley 34\/2002, de Servicios de la Sociedad de la Informaci\u00f3n y del Comercio Electr\u00f3nico (LSSI-CE), as\u00ed como informar a todos los usuarios del sitio web respecto a cu\u00e1les son las condiciones de uso del sitio web. A continuaci\u00f3n se reflejan los siguientes datos del prestador: La raz\u00f3n social es PARTYDIS SL y CIF B70505599, con el nombre comercial VASARA.ES con domiciol fiscal en C\/Concepci\u00f3n Arenal, 10, Teo, 15894 (A Coru\u00f1a) <\/p>\n","protected":false},"author":3,"featured_media":0,"parent":0,"menu_order":0,"comment_status":"closed","ping_status":"closed","template":"","meta":{"footnotes":""},"_links":{"self":[{"href":"https:\/\/www.vasara.es\/blog\/wp-json\/wp\/v2\/pages\/3477"}],"collection":[{"href":"https:\/\/www.vasara.es\/blog\/wp-json\/wp\/v2\/pages"}],"about":[{"href":"https:\/\/www.vasara.es\/blog\/wp-json\/wp\/v2\/types\/page"}],"author":[{"embeddable":true,"href":"https:\/\/www.vasara.es\/blog\/wp-json\/wp\/v2\/users\/3"}],"replies":[{"embeddable":true,"href":"https:\/\/www.vasara.es\/blog\/wp-json\/wp\/v2\/comments?post=3477"}],"version-history":[{"count":2,"href":"https:\/\/www.vasara.es\/blog\/wp-json\/wp\/v2\/pages\/3477\/revisions"}],"predecessor-version":[{"id":3483,"href":"https:\/\/www.vasara.es\/blog\/wp-json\/wp\/v2\/pages\/3477\/revisions\/3483"}],"wp:attachment":[{"href":"https:\/\/www.vasara.es\/blog\/wp-json\/wp\/v2\/media?parent=3477"}],"curies":[{"name":"wp","href":"https:\/\/api.w.org\/{rel}","templated":true}]}}